{"id":14,"date":"2014-05-11T14:43:33","date_gmt":"2014-05-11T14:43:33","guid":{"rendered":"http:\/\/viaserver.net\/tfaloti\/?page_id=14"},"modified":"2015-07-13T17:16:45","modified_gmt":"2015-07-13T15:16:45","slug":"zasedba","status":"publish","type":"page","link":"https:\/\/www.tapravi-faloti.com\/?page_id=14","title":{"rendered":"Zasedba"},"content":{"rendered":"<div id=\"attachment_80\" style=\"width: 730px\" class=\"wp-caption aligncenter\"><img loading=\"lazy\" decoding=\"async\" aria-describedby=\"caption-attachment-80\" class=\"wp-image-80 \" src=\"http:\/\/viaserver.net\/tfaloti\/wp-content\/uploads\/2014\/05\/131.jpg\" alt=\"Tapravi Faloti 2014\" width=\"720\" height=\"379\" srcset=\"https:\/\/www.tapravi-faloti.com\/wp-content\/uploads\/2014\/05\/131.jpg 950w, https:\/\/www.tapravi-faloti.com\/wp-content\/uploads\/2014\/05\/131-300x157.jpg 300w\" sizes=\"auto, (max-width: 720px) 100vw, 720px\" \/><p id=\"caption-attachment-80\" class=\"wp-caption-text\">Tapravi Faloti 2014<\/p><\/div>\n<p>Kontakt:<\/p>\n<div><strong>Email:<\/strong> <a href=\"mailto:t.faloti@gmail.com\" target=\"_blank\">t.faloti@gmail.com<\/a><\/div>\n<div><strong>Telefon:<\/strong> 041511557 Janko<\/div>\n<div><\/div>\n<div id=\"attachment_75\" style=\"width: 310px\" class=\"wp-caption alignleft\"><a href=\"http:\/\/viaserver.net\/tfaloti\/wp-content\/uploads\/2014\/05\/7.jpg\"><img loading=\"lazy\" decoding=\"async\" aria-describedby=\"caption-attachment-75\" class=\"size-medium wp-image-75\" src=\"http:\/\/viaserver.net\/tfaloti\/wp-content\/uploads\/2014\/05\/7-300x157.jpg\" alt=\"Janko Stropnik\" width=\"300\" height=\"157\" srcset=\"https:\/\/www.tapravi-faloti.com\/wp-content\/uploads\/2014\/05\/7-300x157.jpg 300w, https:\/\/www.tapravi-faloti.com\/wp-content\/uploads\/2014\/05\/7.jpg 950w\" sizes=\"auto, (max-width: 300px) 100vw, 300px\" \/><\/a><p id=\"caption-attachment-75\" class=\"wp-caption-text\">Janko Stropnik<\/p><\/div>\n<h2><strong>JANKO STROPNIK :<\/strong><\/h2>\n<p>Rojen je 29.10.1981,dober vodja, pevec in kitarist v ansamblu. Pri delu je resen, organiziran, zanesljiv, pozitiven in odli\u010den \u0161ofer, ki Falote pripelje sre\u010dno do cilja. Upravlja svoje wellnes podjetje, svoj prosti \u010das pa rad pre\u017eivlja z dru\u017eino predvsem s h\u010derkico Ajdo, ki vedno sodeluje na vajah in \u017ee pozna vse skladbe Tapravih Falotov. V prostem \u010dasu rad odpotuje na morje, kaj dobrega skuha predvsem pa je njegova najljub\u0161a jed pizza.<\/p>\n<p><strong>O svojih \u010dlanih pa pravi:<\/strong> <em>\u00bb So vsi zelo preprosti, po\u0161teni, dobri prijatelji-ki te znajo nasmejati in prisluhniti \u017eeljam v glasbi in delu v ansamblu\u00ab.<\/em><\/p>\n<p>&nbsp;<\/p>\n<div id=\"attachment_78\" style=\"width: 310px\" class=\"wp-caption alignleft\"><a href=\"http:\/\/viaserver.net\/tfaloti\/wp-content\/uploads\/2014\/05\/10.jpg\"><img loading=\"lazy\" decoding=\"async\" aria-describedby=\"caption-attachment-78\" class=\"wp-image-78 size-medium\" src=\"http:\/\/viaserver.net\/tfaloti\/wp-content\/uploads\/2014\/05\/10-300x157.jpg\" alt=\"Zvone Vasle\" width=\"300\" height=\"157\" srcset=\"https:\/\/www.tapravi-faloti.com\/wp-content\/uploads\/2014\/05\/10-300x157.jpg 300w, https:\/\/www.tapravi-faloti.com\/wp-content\/uploads\/2014\/05\/10.jpg 950w\" sizes=\"auto, (max-width: 300px) 100vw, 300px\" \/><\/a><p id=\"caption-attachment-78\" class=\"wp-caption-text\">Zvone Vasle<\/p><\/div>\n<h2><strong>ZVONE VASLE:<\/strong><\/h2>\n<p>Rojen 15.6.1981 in prihaja Ponikve pri \u017dalcu. Je odli\u010den po\u0161tar in edini \u010dlan v ansamblu, ki je \u0161e samski in rad gleda za dekleti.<\/p>\n<p>Glasba ga navdihuje \u017ee od malih nog ko je pri\u010del igrat klavir, katerega znanje je vsa leta naprej nadgrajeval. Ker pa mu glasbenega znanja ni nikoli dovolj, so sledili \u0161e ostali instrumenti (bas kitara, kitara, tamburica,bobni in klarinet ter nazadnje diatoni\u010dna harmonika. Za slednjo je bila povod o\u010detova okrogla obletnica, za kar si je zadal cilj, da mu zaigra pesem (katero je tudi sam napisal). O\u010detove solze sre\u010de v o\u010deh so mu popla\u010dale ves trud. Igral je \u017ee v ve\u010d skupinah in ansamblih, preko avdicije pa je z leto\u0161njim letom postal \u00bbTapravi Falot\u00ab(tako ali druga\u010de) =) .<\/p>\n<p><strong>Sam pravi:<\/strong><\/p>\n<p><em>\u00bbKo smo se s Tapravimi Faloti spoznali se je v mojem \u017eivljenju za\u010del pisati nov list. Zelo sem hvale\u017een, da so mi dali prilo\u017enost in vesel sem da se od samega za\u010detka razumemo tako po muzikantersko kot osebno in mislim, da je to najbolj pomembno.<\/em><\/p>\n<p><em>Le kaj bi lahko povedal o \u010dlanih? Sami tapravi , he he&#8230; Janok-pravi vodja, ki s kitaro polep\u0161a vsako melodijo, Bojan-s svojimi \u0161alami dose\u017ee sleherno solzo smeha v o\u010deh tako nas, kot tudi ljudi, Uro\u0161- umirjeni harmonikar, ki izvablja iz harmonike najbolj ne\u017ene akorde (ga bom vzel zraven, ko bom \u0161el pet podoknico &#8211; \u010de to ne bo zaleglo pri dekletihi, potem pa res ne vem) in pa \u0161e na\u0161a Mateja-cvet ansambla, na katerega vsi pazimo, s katerim se vsi smejimo (in pred katerim, ko je slabe volje vsi be\u017eimo). Skratka, LJUDJE in PRIJATELJI na mestu!<\/em><\/p>\n<p><em>Tak da, narod, \u010de imate prav ali ste v zmoti, vedno vas zabavajo Tapravi Faloti!\u00ab<\/em><\/p>\n<p>&nbsp;<\/p>\n<div id=\"attachment_73\" style=\"width: 310px\" class=\"wp-caption alignleft\"><a href=\"http:\/\/viaserver.net\/tfaloti\/wp-content\/uploads\/2014\/05\/5.jpg\"><img loading=\"lazy\" decoding=\"async\" aria-describedby=\"caption-attachment-73\" class=\"wp-image-73 size-medium\" src=\"http:\/\/viaserver.net\/tfaloti\/wp-content\/uploads\/2014\/05\/5-300x157.jpg\" alt=\"Uro\u0161 Stropnik\" width=\"300\" height=\"157\" srcset=\"https:\/\/www.tapravi-faloti.com\/wp-content\/uploads\/2014\/05\/5-300x157.jpg 300w, https:\/\/www.tapravi-faloti.com\/wp-content\/uploads\/2014\/05\/5.jpg 950w\" sizes=\"auto, (max-width: 300px) 100vw, 300px\" \/><\/a><p id=\"caption-attachment-73\" class=\"wp-caption-text\">Uro\u0161 Stropnik<\/p><\/div>\n<h2><strong>UROS STROPNIK:<\/strong><\/h2>\n<p>Rojen je 29.3.1984 in je v ansamblu harmonika\u0161, svoj adrenalin pa spro\u0161\u010da na bobnih. Po izobrazbi je dipl. in\u017eenir lesarstva in v prihodnosti si \u017eeli izdelati svojo harmoniko. Je strasten smu\u010dar, nogometni navija\u010d, vedno la\u010den (po \u0161pilu), edini ki prvi zaspi v kombiju, prijazen, dober prijatelj in rad se poda v vinograd pomagat svojemu bodo\u010demu tastu. Na vajah skrbi, da niso \u017eejni in ne la\u010dni.<\/p>\n<p>&nbsp;<\/p>\n<div id=\"attachment_77\" style=\"width: 310px\" class=\"wp-caption alignleft\"><a href=\"http:\/\/viaserver.net\/tfaloti\/wp-content\/uploads\/2014\/05\/9.jpg\"><img loading=\"lazy\" decoding=\"async\" aria-describedby=\"caption-attachment-77\" class=\"wp-image-77 size-medium\" src=\"http:\/\/viaserver.net\/tfaloti\/wp-content\/uploads\/2014\/05\/9-300x157.jpg\" alt=\"Bojan Grabner\" width=\"300\" height=\"157\" srcset=\"https:\/\/www.tapravi-faloti.com\/wp-content\/uploads\/2014\/05\/9-300x157.jpg 300w, https:\/\/www.tapravi-faloti.com\/wp-content\/uploads\/2014\/05\/9.jpg 950w\" sizes=\"auto, (max-width: 300px) 100vw, 300px\" \/><\/a><p id=\"caption-attachment-77\" class=\"wp-caption-text\">Bojan Grabner<\/p><\/div>\n<h2><strong>BOJAN GRABNER:<\/strong><\/h2>\n<p>Je rojen 1.7.1977 in je najstarej\u0161i \u010dlan v ansamblu, ki pa \u0161e vedno ohranja svojo mladostni\u0161ko energijo in dobro voljo, ki jo zaradi njega nikjer ne manjka. Glasba in petje sta mu bila polo\u017eena \u017ee v zibelko saj izhaja iz glasbene dru\u017eine. Najprej je igral v zabavnih zvrsteh nato pa ga je prevzela slovenska doma\u010da glasba. Igra bas kitaro, kontrabas, bariton, pozavno, poje in je tisti, ki skrbi za humor. S svojo igrivostjo vedno najde kak\u0161no pozitivno nit tudi takrat, ko kaj ne gre po na\u010drtih. Ker pa obo\u017euje nogomet so mu \u010dlani pripisali ime \u00bbBEX\u00ab. Zadnje \u010dase za ansambel ustvarja melodije, ki pa so pri ljudeh naletela na zelo dober odziv. Rad pripravlja jedi in dobro je (\u010deprav se mu nikjer ne pozna). Zanj je zna\u010dilno tudi to, da ima vedno najbolj urejen-\u010dist avtomobil s katerim se rad zapelje na kak\u0161en izlet \u010dez mejo.<\/p>\n<p>&nbsp;<\/p>\n<div id=\"attachment_74\" style=\"width: 310px\" class=\"wp-caption alignleft\"><a href=\"http:\/\/viaserver.net\/tfaloti\/wp-content\/uploads\/2014\/05\/6.jpg\"><img loading=\"lazy\" decoding=\"async\" aria-describedby=\"caption-attachment-74\" class=\"wp-image-74 size-medium\" src=\"http:\/\/viaserver.net\/tfaloti\/wp-content\/uploads\/2014\/05\/6-300x157.jpg\" alt=\"Mateja Grabner\" width=\"300\" height=\"157\" srcset=\"https:\/\/www.tapravi-faloti.com\/wp-content\/uploads\/2014\/05\/6-300x157.jpg 300w, https:\/\/www.tapravi-faloti.com\/wp-content\/uploads\/2014\/05\/6.jpg 950w\" sizes=\"auto, (max-width: 300px) 100vw, 300px\" \/><\/a><p id=\"caption-attachment-74\" class=\"wp-caption-text\">Mateja Grabner<\/p><\/div>\n<h2><strong>MATEJA GRABNER:<\/strong><\/h2>\n<p>Rojena 1.7.1982 in je pevka v ansamblu \u017ee od vsega za\u010detka. Na odrih jo lahko videvate \u017ee od njenega 12. leta. Vedno razveseljuje ljudi s svojo igrivostjo ter povezovanjem programa. Je vzgojiteljica v vrtcu, avtorica melodij in besedil, pi\u0161e pesmi in pravljice za otroke\u2026<\/p>\n<p>Fantje pravijo, da je kot angel brez kril -ne\u017ena, pozitivna, dobra motivatorka-ki nikoli ne obupa in vedno dose\u017ee cilj, prisluhne in pomaga vsaki\u010d, ko jo kdo potrebuje.<\/p>\n<p>Prosti \u010das rada pre\u017eivi doma ob svojih najbli\u017ejih, se sprehaja po gozdnih poteh s svojim psom, kjer pa se ji utrne marsikatera nora-dobra ideja.<\/p>\n<p><strong>Sama pravi:<\/strong> <em>\u00bbTe\u017eko je krotiti moje 4 fante, ki jim ves \u010das gredo po glavi same norije. Me razvajajo, spravljajo v smeh, so odli\u010dni prijatelji in\u2026so predvsem TAPRAVI!<\/em><\/p>\n","protected":false},"excerpt":{"rendered":"<p>Kontakt: Email: t.faloti@gmail.com Telefon: 041511557 Janko JANKO STROPNIK : Rojen je 29.10.1981,dober vodja, pevec in kitarist v ansamblu. Pri delu je resen, organiziran, zanesljiv, pozitiven in odli\u010den \u0161ofer, ki Falote pripelje sre\u010dno do cilja. Upravlja svoje wellnes podjetje, svoj prosti \u010das pa rad pre\u017eivlja z dru\u017eino predvsem s h\u010derkico Ajdo, ki vedno sodeluje na vajah [&hellip;]<\/p>\n","protected":false},"author":1,"featured_media":0,"parent":0,"menu_order":0,"comment_status":"open","ping_status":"open","template":"","meta":{"_exactmetrics_skip_tracking":false,"_exactmetrics_sitenote_active":false,"_exactmetrics_sitenote_note":"","_exactmetrics_sitenote_category":0,"footnotes":""},"class_list":["post-14","page","type-page","status-publish","hentry"],"_links":{"self":[{"href":"https:\/\/www.tapravi-faloti.com\/index.php?rest_route=\/wp\/v2\/pages\/14","targetHints":{"allow":["GET"]}}],"collection":[{"href":"https:\/\/www.tapravi-faloti.com\/index.php?rest_route=\/wp\/v2\/pages"}],"about":[{"href":"https:\/\/www.tapravi-faloti.com\/index.php?rest_route=\/wp\/v2\/types\/page"}],"author":[{"embeddable":true,"href":"https:\/\/www.tapravi-faloti.com\/index.php?rest_route=\/wp\/v2\/users\/1"}],"replies":[{"embeddable":true,"href":"https:\/\/www.tapravi-faloti.com\/index.php?rest_route=%2Fwp%2Fv2%2Fcomments&post=14"}],"version-history":[{"count":15,"href":"https:\/\/www.tapravi-faloti.com\/index.php?rest_route=\/wp\/v2\/pages\/14\/revisions"}],"predecessor-version":[{"id":140,"href":"https:\/\/www.tapravi-faloti.com\/index.php?rest_route=\/wp\/v2\/pages\/14\/revisions\/140"}],"wp:attachment":[{"href":"https:\/\/www.tapravi-faloti.com\/index.php?rest_route=%2Fwp%2Fv2%2Fmedia&parent=14"}],"curies":[{"name":"wp","href":"https:\/\/api.w.org\/{rel}","templated":true}]}}