{"id":16,"date":"2014-05-11T14:44:30","date_gmt":"2014-05-11T14:44:30","guid":{"rendered":"http:\/\/viaserver.net\/tfaloti\/?page_id=16"},"modified":"2015-07-14T12:51:43","modified_gmt":"2015-07-14T10:51:43","slug":"nasa-glasba","status":"publish","type":"page","link":"https:\/\/www.tapravi-faloti.com\/?page_id=16","title":{"rendered":"Glasba"},"content":{"rendered":"<p><span style=\"color: #99cc00;\"><strong>POLETNA PRAVLJICA<\/strong><\/span><\/p>\n<audio class=\"wp-audio-shortcode\" id=\"audio-16-1\" preload=\"none\" style=\"width: 100%;\" controls=\"controls\"><source type=\"audio\/mpeg\" src=\"https:\/\/www.tapravi-faloti.com\/wp-content\/uploads\/2014\/05\/ANSAMBEL-TAPRAVI-FALOTI-Poletna-pravljica-Official-video.mp3?_=1\" \/><a href=\"https:\/\/www.tapravi-faloti.com\/wp-content\/uploads\/2014\/05\/ANSAMBEL-TAPRAVI-FALOTI-Poletna-pravljica-Official-video.mp3\">https:\/\/www.tapravi-faloti.com\/wp-content\/uploads\/2014\/05\/ANSAMBEL-TAPRAVI-FALOTI-Poletna-pravljica-Official-video.mp3<\/a><\/audio>\n<p><span style=\"color: #99cc00;\"><strong>NE SPRA\u0160UJ<\/strong><\/span><\/p>\n<audio class=\"wp-audio-shortcode\" id=\"audio-16-2\" preload=\"none\" style=\"width: 100%;\" controls=\"controls\"><source type=\"audio\/mpeg\" src=\"https:\/\/www.tapravi-faloti.com\/wp-content\/uploads\/2014\/05\/TAPRAVI-FALOTI-Ne-sprasuj.mp3?_=2\" \/><a href=\"https:\/\/www.tapravi-faloti.com\/wp-content\/uploads\/2014\/05\/TAPRAVI-FALOTI-Ne-sprasuj.mp3\">https:\/\/www.tapravi-faloti.com\/wp-content\/uploads\/2014\/05\/TAPRAVI-FALOTI-Ne-sprasuj.mp3<\/a><\/audio>\n<p><strong><span style=\"color: #99cc00;\">SKRIVNOSTNO DEKLE<\/span><\/strong><\/p>\n<audio class=\"wp-audio-shortcode\" id=\"audio-16-3\" preload=\"none\" style=\"width: 100%;\" controls=\"controls\"><source type=\"audio\/mpeg\" src=\"https:\/\/www.tapravi-faloti.com\/wp-content\/uploads\/2014\/05\/TAPRAVI-FALOTI-Skrivnostno-dekle-original.mp3?_=3\" \/><a href=\"https:\/\/www.tapravi-faloti.com\/wp-content\/uploads\/2014\/05\/TAPRAVI-FALOTI-Skrivnostno-dekle-original.mp3\">https:\/\/www.tapravi-faloti.com\/wp-content\/uploads\/2014\/05\/TAPRAVI-FALOTI-Skrivnostno-dekle-original.mp3<\/a><\/audio>\n<p><strong><span style=\"color: #99cc00;\">BO\u0160 BATINE DOBIL<\/span><\/strong><\/p>\n<audio class=\"wp-audio-shortcode\" id=\"audio-16-4\" preload=\"none\" style=\"width: 100%;\" controls=\"controls\"><source type=\"audio\/mpeg\" src=\"https:\/\/www.tapravi-faloti.com\/wp-content\/uploads\/2014\/05\/BOS-BATINE-DOBIL.mp3?_=4\" \/><a href=\"https:\/\/www.tapravi-faloti.com\/wp-content\/uploads\/2014\/05\/BOS-BATINE-DOBIL.mp3\">https:\/\/www.tapravi-faloti.com\/wp-content\/uploads\/2014\/05\/BOS-BATINE-DOBIL.mp3<\/a><\/audio>\n<p><strong><span style=\"color: #99cc00;\">KJE SI SRE\u010cA<\/span><\/strong><\/p>\n<audio class=\"wp-audio-shortcode\" id=\"audio-16-5\" preload=\"none\" style=\"width: 100%;\" controls=\"controls\"><source type=\"audio\/mpeg\" src=\"https:\/\/www.tapravi-faloti.com\/wp-content\/uploads\/2014\/05\/KJE-SI-SRECA.mp3?_=5\" \/><a href=\"https:\/\/www.tapravi-faloti.com\/wp-content\/uploads\/2014\/05\/KJE-SI-SRECA.mp3\">https:\/\/www.tapravi-faloti.com\/wp-content\/uploads\/2014\/05\/KJE-SI-SRECA.mp3<\/a><\/audio>\n<p><strong><span style=\"color: #99cc00;\">KOT METULJ<\/span><\/strong><\/p>\n<audio class=\"wp-audio-shortcode\" id=\"audio-16-6\" preload=\"none\" style=\"width: 100%;\" controls=\"controls\"><source type=\"audio\/mpeg\" src=\"https:\/\/www.tapravi-faloti.com\/wp-content\/uploads\/2014\/05\/KOT-METULJ.mp3?_=6\" \/><a href=\"https:\/\/www.tapravi-faloti.com\/wp-content\/uploads\/2014\/05\/KOT-METULJ.mp3\">https:\/\/www.tapravi-faloti.com\/wp-content\/uploads\/2014\/05\/KOT-METULJ.mp3<\/a><\/audio>\n<p><strong><span style=\"color: #99cc00;\">\u0160 TA LUBEZEN<\/span><\/strong><\/p>\n<audio class=\"wp-audio-shortcode\" id=\"audio-16-7\" preload=\"none\" style=\"width: 100%;\" controls=\"controls\"><source type=\"audio\/mpeg\" src=\"https:\/\/www.tapravi-faloti.com\/wp-content\/uploads\/2014\/05\/S-TA-LUBEZEN.mp3?_=7\" \/><a href=\"https:\/\/www.tapravi-faloti.com\/wp-content\/uploads\/2014\/05\/S-TA-LUBEZEN.mp3\">https:\/\/www.tapravi-faloti.com\/wp-content\/uploads\/2014\/05\/S-TA-LUBEZEN.mp3<\/a><\/audio>\n<p><strong><span style=\"color: #99cc00;\">SMUK POLKA<\/span><\/strong><\/p>\n<audio class=\"wp-audio-shortcode\" id=\"audio-16-8\" preload=\"none\" style=\"width: 100%;\" controls=\"controls\"><source type=\"audio\/mpeg\" src=\"https:\/\/www.tapravi-faloti.com\/wp-content\/uploads\/2014\/05\/SMUK-POLKA.mp3?_=8\" \/><a href=\"https:\/\/www.tapravi-faloti.com\/wp-content\/uploads\/2014\/05\/SMUK-POLKA.mp3\">https:\/\/www.tapravi-faloti.com\/wp-content\/uploads\/2014\/05\/SMUK-POLKA.mp3<\/a><\/audio>\n<p><span style=\"color: #99cc00;\"><strong>JUTRO V PLANINAH<\/strong><\/span><\/p>\n<audio class=\"wp-audio-shortcode\" id=\"audio-16-9\" preload=\"none\" style=\"width: 100%;\" controls=\"controls\"><source type=\"audio\/mpeg\" src=\"https:\/\/www.tapravi-faloti.com\/wp-content\/uploads\/2014\/05\/Jutro-v-planinah.wmv.mp3?_=9\" \/><a href=\"https:\/\/www.tapravi-faloti.com\/wp-content\/uploads\/2014\/05\/Jutro-v-planinah.wmv.mp3\">https:\/\/www.tapravi-faloti.com\/wp-content\/uploads\/2014\/05\/Jutro-v-planinah.wmv.mp3<\/a><\/audio>\n<p><span style=\"color: #99cc00;\"><strong>MLADOSTI NE DAM<\/strong><\/span><\/p>\n<audio class=\"wp-audio-shortcode\" id=\"audio-16-10\" preload=\"none\" style=\"width: 100%;\" controls=\"controls\"><source type=\"audio\/mpeg\" src=\"https:\/\/www.tapravi-faloti.com\/wp-content\/uploads\/2014\/05\/Ansambel-TAPRAVI-FALOTI-Mladosti-ne-dam.wmv.mp3?_=10\" \/><a href=\"https:\/\/www.tapravi-faloti.com\/wp-content\/uploads\/2014\/05\/Ansambel-TAPRAVI-FALOTI-Mladosti-ne-dam.wmv.mp3\">https:\/\/www.tapravi-faloti.com\/wp-content\/uploads\/2014\/05\/Ansambel-TAPRAVI-FALOTI-Mladosti-ne-dam.wmv.mp3<\/a><\/audio>\n<p><strong><span style=\"color: #99cc00;\">JUTRO V PLANINAH-REMIX<\/span><\/strong><\/p>\n<audio class=\"wp-audio-shortcode\" id=\"audio-16-11\" preload=\"none\" style=\"width: 100%;\" controls=\"controls\"><source type=\"audio\/mpeg\" src=\"https:\/\/www.tapravi-faloti.com\/wp-content\/uploads\/2014\/05\/JUTRO-V-PLANINAH-REMIX.mp3?_=11\" \/><a href=\"https:\/\/www.tapravi-faloti.com\/wp-content\/uploads\/2014\/05\/JUTRO-V-PLANINAH-REMIX.mp3\">https:\/\/www.tapravi-faloti.com\/wp-content\/uploads\/2014\/05\/JUTRO-V-PLANINAH-REMIX.mp3<\/a><\/audio>\n<p><span style=\"color: #99cc00;\"><strong>\u00a0VSE POVSOD JE BO\u017dI\u010c<\/strong><\/span><\/p>\n<audio class=\"wp-audio-shortcode\" id=\"audio-16-12\" preload=\"none\" style=\"width: 100%;\" controls=\"controls\"><source type=\"audio\/mpeg\" src=\"https:\/\/www.tapravi-faloti.com\/wp-content\/uploads\/2014\/05\/Tapravi-Faloti-Vsepovsod-je-Bozic.wmv.mp3?_=12\" \/><a href=\"https:\/\/www.tapravi-faloti.com\/wp-content\/uploads\/2014\/05\/Tapravi-Faloti-Vsepovsod-je-Bozic.wmv.mp3\">https:\/\/www.tapravi-faloti.com\/wp-content\/uploads\/2014\/05\/Tapravi-Faloti-Vsepovsod-je-Bozic.wmv.mp3<\/a><\/audio>\n<p>&nbsp;<\/p>\n","protected":false},"excerpt":{"rendered":"<p>POLETNA PRAVLJICA NE SPRA\u0160UJ SKRIVNOSTNO DEKLE BO\u0160 BATINE DOBIL KJE SI SRE\u010cA KOT METULJ \u0160 TA LUBEZEN SMUK POLKA JUTRO V PLANINAH MLADOSTI NE DAM JUTRO V PLANINAH-REMIX \u00a0VSE POVSOD JE BO\u017dI\u010c &nbsp;<\/p>\n","protected":false},"author":1,"featured_media":0,"parent":0,"menu_order":0,"comment_status":"open","ping_status":"open","template":"","meta":{"_exactmetrics_skip_tracking":false,"_exactmetrics_sitenote_active":false,"_exactmetrics_sitenote_note":"","_exactmetrics_sitenote_category":0,"footnotes":""},"class_list":["post-16","page","type-page","status-publish","hentry"],"_links":{"self":[{"href":"https:\/\/www.tapravi-faloti.com\/index.php?rest_route=\/wp\/v2\/pages\/16","targetHints":{"allow":["GET"]}}],"collection":[{"href":"https:\/\/www.tapravi-faloti.com\/index.php?rest_route=\/wp\/v2\/pages"}],"about":[{"href":"https:\/\/www.tapravi-faloti.com\/index.php?rest_route=\/wp\/v2\/types\/page"}],"author":[{"embeddable":true,"href":"https:\/\/www.tapravi-faloti.com\/index.php?rest_route=\/wp\/v2\/users\/1"}],"replies":[{"embeddable":true,"href":"https:\/\/www.tapravi-faloti.com\/index.php?rest_route=%2Fwp%2Fv2%2Fcomments&post=16"}],"version-history":[{"count":2,"href":"https:\/\/www.tapravi-faloti.com\/index.php?rest_route=\/wp\/v2\/pages\/16\/revisions"}],"predecessor-version":[{"id":23,"href":"https:\/\/www.tapravi-faloti.com\/index.php?rest_route=\/wp\/v2\/pages\/16\/revisions\/23"}],"wp:attachment":[{"href":"https:\/\/www.tapravi-faloti.com\/index.php?rest_route=%2Fwp%2Fv2%2Fmedia&parent=16"}],"curies":[{"name":"wp","href":"https:\/\/api.w.org\/{rel}","templated":true}]}}